{"id":5390,"date":"2015-11-15T12:21:29","date_gmt":"2015-11-15T12:21:29","guid":{"rendered":"http:\/\/feb-cosmetic.ch\/feb\/?page_id=5390"},"modified":"2024-04-16T10:57:07","modified_gmt":"2024-04-16T08:57:07","slug":"portrait-video","status":"publish","type":"page","link":"https:\/\/feb-cosmetic.ch\/feb\/portrait-video\/","title":{"rendered":"Portrait I Video"},"content":{"rendered":"<p>Gepflegte Sch\u00f6nheit individuell und pers\u00f6nlich.<\/p>\n<p>Lassen Sie sich bei uns \u00fcber gesunde Produkte und aktuelle Kosmetiktrends beraten.<\/p>\n<p>Das Thema gesunde Haut ist f\u00fcr mich als professionelle Kosmetikerin ein Hauptanliegen. In den vielen Jahren meiner T\u00e4tigkeit sammelte ich viel Erfahrung im Umgang mit diversen Kosmetikmarken und stellte fest, dass immer mehr Menschen, Wert auf gesunde Kosmetik ohne Allergene , ohne Farbstoffe, ohne Parf\u00fcm und ohne Silikon\u00f6le legen. Dies bewog mich, die Produktlinie &#8220; Royal Care Swiss Cosmetic&#8220; zu entwickeln und herzustellen.<\/p>\n<p>Mit dieser kleinen und hochwertigen, hochkonzentrierten Wirkstoffkosmetik werden wir allen Anspr\u00fcchen in Bezug auf innovativen, hochwirksamen und gesunden Produkten gerecht.<\/p>\n<p>Bei der Produktion legen wir gr\u00f6ssten Wert auf Umwelt-und Tierschutz. Unsere Produkte werden in dermatologischen Instituten getestet. Es werden keine Tierversuche mit unseren Produkten durchgef\u00fchrt.<\/p>\n<p>Unseren Kunden ist es ebenso freigestellt, die Produkte mit oder ohne Umverpackung bei uns zu erwerben. Somit tragen wir auch in dieser Richtung zum Umweltschutz bei.<\/p>\n<p><span style=\"color: #3366ff;\">Hier ein Video f\u00fcr morgendliche Pflege<\/span><\/p>\n<p><iframe loading=\"lazy\" title=\"Video fuer Maske MAQ04433\" width=\"960\" height=\"720\" src=\"https:\/\/www.youtube.com\/embed\/Y-6zGHJaGnA?list=UUP7jqNLyEAwuCJzJ8Wusuow\" frameborder=\"0\" allow=\"accelerometer; autoplay; clipboard-write; encrypted-media; gyroscope; picture-in-picture; web-share\" referrerpolicy=\"strict-origin-when-cross-origin\" allowfullscreen><\/iframe><\/p>\n<p><iframe loading=\"lazy\" title=\"Royal Care Swiss Cosmetic\" width=\"960\" height=\"540\" src=\"https:\/\/www.youtube.com\/embed\/bNcXEEYXk7E?feature=oembed\" frameborder=\"0\" allow=\"accelerometer; autoplay; clipboard-write; encrypted-media; gyroscope; picture-in-picture; web-share\" referrerpolicy=\"strict-origin-when-cross-origin\" allowfullscreen><\/iframe><\/p>\n<p>&nbsp;<\/p>\n<p>&nbsp;<\/p>\n<p><strong><em>Qualit\u00e4tskosmetik von Anke Rothe<\/em><\/strong><\/p>\n<p><a href=\"http:\/\/feb-cosmetic.ch\/feb\/wp-content\/uploads\/2015\/11\/IMG_3347-Bearbeitet.jpg\"><img loading=\"lazy\" decoding=\"async\" class=\"alignleft size-medium wp-image-6007\" src=\"http:\/\/feb-cosmetic.ch\/feb\/wp-content\/uploads\/2015\/11\/IMG_3347-Bearbeitet-192x300.jpg\" alt=\"img_3347-bearbeitet\" width=\"192\" height=\"300\" \/><\/a>Als professionelle Kosmetikerin verwende ich nur Produkte, die mich \u00fcberzeugen und begeistern.\u00a0In Zusammenarbeit mit f\u00fchrenden Hersteller habe ich bereits 2008 begonnen Ger\u00e4tetechnologien und eigene Produkte zur gesamtheitlichen Gesunderhaltung des Menschen entwickeln zu lassen und herzustellen.<\/p>\n<p>Auf der nat\u00fcrlichen Basis von Pflanzenextrakten, Peptiden, Coenzym Q10 und Hyaluron entstanden Produkte, die sich optimal erg\u00e4nzen und die nat\u00fcrliche Sch\u00f6nheit Ihrer Haut wirkungsvoll unterst\u00fctzen.<\/p>\n<p>Unsere Kosmetikprodukte und Nahrungserg\u00e4nzungen der Royal Care Swiss Cosmetic bieten f\u00fcr jeden Hauttyp die optimale L\u00f6sung.<\/p>\n<p>Profitieren Sie von jahrzehntelanger Erfahrung, eigener\u00a0kosmetischer\u00a0Produkte und Nahrungserg\u00e4nzungen und neuester Ger\u00e4tetechnologie<\/p>\n<p>&nbsp;<\/p>\n<p>&nbsp;<\/p>\n<p>&nbsp;<\/p>\n<p>&nbsp;<\/p>\n<p>&nbsp;<\/p>\n<p>&nbsp;<\/p>\n<p>&nbsp;<\/p>\n<p>&nbsp;<\/p>\n<p>&nbsp;<\/p>\n<p>&nbsp;<\/p>\n<p>&nbsp;<\/p>\n<p>Termine bitte nach telefonischer Vereinbarung. Ich freue mich Sie bald pers\u00f6nlich kennen zu lernen und beraten zu d\u00fcrfen.<\/p>\n<p><a href=\"http:\/\/feb-cosmetic.ch\/feb\/wp-content\/uploads\/2022\/01\/3098ADD2-FD2F-4B32-B26B-2EE731A275D8.jpeg\"><img loading=\"lazy\" decoding=\"async\" class=\" wp-image-6863 alignleft\" src=\"http:\/\/feb-cosmetic.ch\/feb\/wp-content\/uploads\/2022\/01\/3098ADD2-FD2F-4B32-B26B-2EE731A275D8-300x200.jpeg\" alt=\"\" width=\"789\" height=\"526\" srcset=\"https:\/\/feb-cosmetic.ch\/feb\/wp-content\/uploads\/2022\/01\/3098ADD2-FD2F-4B32-B26B-2EE731A275D8-300x200.jpeg 300w, https:\/\/feb-cosmetic.ch\/feb\/wp-content\/uploads\/2022\/01\/3098ADD2-FD2F-4B32-B26B-2EE731A275D8-768x511.jpeg 768w, https:\/\/feb-cosmetic.ch\/feb\/wp-content\/uploads\/2022\/01\/3098ADD2-FD2F-4B32-B26B-2EE731A275D8.jpeg 960w\" sizes=\"auto, (max-width: 789px) 100vw, 789px\" \/><\/a><\/p>\n<p><strong>Anke Rothe<\/strong><\/p>\n<p><em>Chef Kosmetikerin,\/Meister(Deutschland)\u00a0<\/em><\/p>\n<p>FEB.Cosmetic<\/p>\n<p>Achtung unser neues Domizil ist im Tessin<\/p>\n<p>Mobil: 079 900 1609 \/ info@feb-cosmetic.ch<\/p>\n<p>&nbsp;<\/p>\n<p>&nbsp;<\/p>\n<p>&nbsp;<\/p>\n<p>&nbsp;<\/p>\n<p>&nbsp;<\/p>\n","protected":false},"excerpt":{"rendered":"<p>Gepflegte Sch\u00f6nheit individuell und pers\u00f6nlich. Lassen Sie sich bei uns \u00fcber gesunde Produkte und aktuelle Kosmetiktrends beraten. Das Thema gesunde Haut ist f\u00fcr mich als professionelle Kosmetikerin ein Hauptanliegen. In den vielen Jahren meiner T\u00e4tigkeit sammelte ich viel Erfahrung im Umgang mit diversen Kosmetikmarken und stellte fest, dass immer mehr Menschen, Wert auf gesunde Kosmetik&#8230; <\/p>\n<div class=\"clear\"><\/div>\n<p><a href=\"https:\/\/feb-cosmetic.ch\/feb\/portrait-video\/\" class=\"gdlr-button small excerpt-read-more\">Read More<\/a><\/p>\n","protected":false},"author":1,"featured_media":0,"parent":0,"menu_order":0,"comment_status":"closed","ping_status":"closed","template":"","meta":{"footnotes":""},"class_list":["post-5390","page","type-page","status-publish","hentry"],"_links":{"self":[{"href":"https:\/\/feb-cosmetic.ch\/feb\/wp-json\/wp\/v2\/pages\/5390","targetHints":{"allow":["GET"]}}],"collection":[{"href":"https:\/\/feb-cosmetic.ch\/feb\/wp-json\/wp\/v2\/pages"}],"about":[{"href":"https:\/\/feb-cosmetic.ch\/feb\/wp-json\/wp\/v2\/types\/page"}],"author":[{"embeddable":true,"href":"https:\/\/feb-cosmetic.ch\/feb\/wp-json\/wp\/v2\/users\/1"}],"replies":[{"embeddable":true,"href":"https:\/\/feb-cosmetic.ch\/feb\/wp-json\/wp\/v2\/comments?post=5390"}],"version-history":[{"count":10,"href":"https:\/\/feb-cosmetic.ch\/feb\/wp-json\/wp\/v2\/pages\/5390\/revisions"}],"predecessor-version":[{"id":7076,"href":"https:\/\/feb-cosmetic.ch\/feb\/wp-json\/wp\/v2\/pages\/5390\/revisions\/7076"}],"wp:attachment":[{"href":"https:\/\/feb-cosmetic.ch\/feb\/wp-json\/wp\/v2\/media?parent=5390"}],"curies":[{"name":"wp","href":"https:\/\/api.w.org\/{rel}","templated":true}]}}